{"id":7,"date":"2018-11-13T15:37:18","date_gmt":"2018-11-13T15:37:18","guid":{"rendered":"https:\/\/www.sylvia-smehyl.de\/?page_id=7"},"modified":"2018-11-16T17:35:06","modified_gmt":"2018-11-16T17:35:06","slug":"home","status":"publish","type":"page","link":"https:\/\/www.sylvia-smehyl.de\/","title":{"rendered":"Home"},"content":{"rendered":"<p>[et_pb_section bb_built=\"1\" _builder_version=\"3.17.6\" custom_padding_phone=\"25px|||\" custom_padding_last_edited=\"off|phone\"][et_pb_row custom_padding=\"0|0px|50px|0px|false|false\" _builder_version=\"3.17.6\" disabled=\"off\" disabled_on=\"on|on|off\"][et_pb_column type=\"4_4\"][et_pb_image src=\"https:\/\/www.sylvia-smehyl.de\/\/wp-content\/uploads\/2018\/11\/smehyl-logo-landscape.png\" align=\"center\" force_fullwidth=\"on\" _builder_version=\"3.17.6\" custom_padding=\"|80px||80px\" hover_enabled=\"0\" custom_padding_last_edited=\"on|phone\" custom_padding_tablet=\"|40px||40px\" custom_padding_phone=\"|0px||0px\"]<\/p>\n<p>[\/et_pb_image][\/et_pb_column][\/et_pb_row][et_pb_row custom_padding=\"75px|100px|75px|100px\" custom_padding_tablet=\"50px|50px|50px|50px\" custom_padding_phone=\"25px|25px|25px|25px\" custom_padding_last_edited=\"on|tablet\" _builder_version=\"3.17.6\" background_size=\"initial\" background_position=\"top_left\" background_repeat=\"repeat\" box_shadow_style=\"preset1\"][et_pb_column type=\"2_3\"][et_pb_text _builder_version=\"3.17.6\"]<\/p>\n<h1>Herzlich Willkommen<\/h1>\n<div class=\"fliesstext\">\n<p>Vielen Dank f\u00fcr Ihr Interesse und den Besuch auf meiner Website.<\/p>\n<p>Ich arbeite spezialisiert auf den Gebieten des\u00a0<strong><a href=\"https:\/\/www.sylvia-smehyl.de\/\/index.php\/familien-und-erbrecht\/\">Familien-\u00a0und\u00a0Erbrechts<\/a><\/strong>, mit besonderem Interessenschwerpunkt\u00a0<b><a href=\"https:\/\/www.sylvia-smehyl.de\/de.7.html\">internationales Familienrecht<\/a><\/b>. Hier stehe ich Ihnen bei der L\u00f6sung von rechtlichen Problemen und Konfliktlagen durch Beratung und Vertretung zur Seite.<\/p>\n<p>Ziel sollte eine f\u00fcr alle Beteiligten m\u00f6glichst akzeptable L\u00f6sung, in gegebenen F\u00e4llen auch einverst\u00e4ndliche Regelung sein, wobei letztere von den Beteiligten mit ihren Anw\u00e4lten erarbeitet werden muss, was im Ergebnis aber kostentr\u00e4chtige sowie langwierige Auseinandersetzungen ersparen kann. Hierbei kommt es auf individuell angepasste, klare und praktikable L\u00f6sungen an, mit denen Mandanten, Erben sowie \u201eTrennungs- und Nachscheidungsfamilien\u201c auch in Zukunft gut zurecht kommen. Durch bestehende Kooperationen und Kontakte zu Kollegen, Notaren und Sachverst\u00e4ndigen ist es mir zudem m\u00f6glich, \u00fcbergreifendes Fachwissen einzubeziehen.<\/p>\n<p>Allerdings gelingen einverst\u00e4ndliche Regelungen nicht immer oder auf Anhieb, nicht selten gelingt es erst im Verlauf einer zun\u00e4chst streitigen Verfahrensf\u00fchrung Einvernehmen herzustellen. Wo es zu keiner einvernehmlichen Regelung kommt, vertrete ich Ihre rechtlichen Interessen mit Engagement, Sorgfalt sowie der erforderlichen Konsequenz im gerichtlichen Verfahren.<\/p>\n<p>Als <strong>Fachanw\u00e4ltin f\u00fcr Familienrecht<\/strong> sowie jemand, der in den o.g. Rechtsgebieten seit vielen Jahren ausschlie\u00dflich spezialisiert arbeitet, verf\u00fcge ich \u00fcber die erforderliche Kompetenz und Erfahrung. In jeder der genannten Situationen bin ich engagiert f\u00fcr Sie t\u00e4tig und nehme mir f\u00fcr Sie und Ihre Vorstellungen Zeit.\u00a0<\/p>\n<\/div>\n<p>[\/et_pb_text][\/et_pb_column][et_pb_column type=\"1_3\"][et_pb_image src=\"https:\/\/www.sylvia-smehyl.de\/\/wp-content\/uploads\/2018\/11\/logo.fortbildungszertifikat.png\" align=\"center\" _builder_version=\"3.17.6\"]<\/p>\n<p>[\/et_pb_image][et_pb_image src=\"https:\/\/www.sylvia-smehyl.de\/\/wp-content\/uploads\/2018\/11\/logo.dav-mitglied.png\" align=\"center\" _builder_version=\"3.17.6\" custom_margin=\"||\" custom_padding=\"10px||10px\"]<\/p>\n<p>[\/et_pb_image][et_pb_text _builder_version=\"3.17.6\" text_font=\"||||||||\" text_orientation=\"center\" custom_padding=\"10px||10px\"]<\/p>\n<p>Ich freue mich \u00fcber Ihre <strong><a href=\"https:\/\/sylvia-smehyl.de\/\/index.php\/kontakt\">Kontaktaufnahme.<br \/><\/a><\/strong><strong>Erste<\/strong> Informationen unter\u00a0<b>08293 \/ 9655 700<\/b>.<\/p>\n<p>[\/et_pb_text][et_pb_testimonial author=\"Bertrand Russell\" _builder_version=\"3.17.6\" custom_padding=\"10px||\"]<\/p>\n<p><i><\/i><\/p>\n<p><i>The good life is one inspired by love and guided by knowledge<\/i><\/p>\n<p>[\/et_pb_testimonial][\/et_pb_column][\/et_pb_row][\/et_pb_section]<\/p>\n","protected":false},"excerpt":{"rendered":"<p>[et_pb_section bb_built=\"1\" _builder_version=\"3.17.6\" custom_padding_phone=\"25px|||\" custom_padding_last_edited=\"off|phone\"][et_pb_row custom_padding=\"0|0px|50px|0px|false|false\" _builder_version=\"3.17.6\" disabled=\"off\" disabled_on=\"on|on|off\"][et_pb_column type=\"4_4\"][et_pb_image src=\"https:\/\/www.sylvia-smehyl.de\/\/wp-content\/uploads\/2018\/11\/smehyl-logo-landscape.png\" align=\"center\" force_fullwidth=\"on\" _builder_version=\"3.17.6\" custom_padding=\"|80px||80px\" hover_enabled=\"0\" custom_padding_last_edited=\"on|phone\" custom_padding_tablet=\"|40px||40px\" custom_padding_phone=\"|0px||0px\"] [\/et_pb_image][\/et_pb_column][\/et_pb_row][et_pb_row custom_padding=\"75px|100px|75px|100px\" custom_padding_tablet=\"50px|50px|50px|50px\" custom_padding_phone=\"25px|25px|25px|25px\" custom_padding_last_edited=\"on|tablet\" _builder_version=\"3.17.6\" background_size=\"initial\" background_position=\"top_left\" background_repeat=\"repeat\" box_shadow_style=\"preset1\"][et_pb_column type=\"2_3\"][et_pb_text _builder_version=\"3.17.6\"] Herzlich Willkommen Vielen Dank f\u00fcr Ihr Interesse und den Besuch auf meiner Website. Ich arbeite spezialisiert auf den Gebieten des\u00a0Familien-\u00a0und\u00a0Erbrechts, mit besonderem Interessenschwerpunkt\u00a0internationales Familienrecht. [&hellip;]<\/p>\n","protected":false},"author":1,"featured_media":0,"parent":0,"menu_order":0,"comment_status":"closed","ping_status":"closed","template":"","meta":{"footnotes":""},"class_list":["post-7","page","type-page","status-publish","hentry"],"_links":{"self":[{"href":"https:\/\/www.sylvia-smehyl.de\/index.php?rest_route=\/wp\/v2\/pages\/7","targetHints":{"allow":["GET"]}}],"collection":[{"href":"https:\/\/www.sylvia-smehyl.de\/index.php?rest_route=\/wp\/v2\/pages"}],"about":[{"href":"https:\/\/www.sylvia-smehyl.de\/index.php?rest_route=\/wp\/v2\/types\/page"}],"author":[{"embeddable":true,"href":"https:\/\/www.sylvia-smehyl.de\/index.php?rest_route=\/wp\/v2\/users\/1"}],"replies":[{"embeddable":true,"href":"https:\/\/www.sylvia-smehyl.de\/index.php?rest_route=%2Fwp%2Fv2%2Fcomments&post=7"}],"version-history":[{"count":21,"href":"https:\/\/www.sylvia-smehyl.de\/index.php?rest_route=\/wp\/v2\/pages\/7\/revisions"}],"predecessor-version":[{"id":419,"href":"https:\/\/www.sylvia-smehyl.de\/index.php?rest_route=\/wp\/v2\/pages\/7\/revisions\/419"}],"wp:attachment":[{"href":"https:\/\/www.sylvia-smehyl.de\/index.php?rest_route=%2Fwp%2Fv2%2Fmedia&parent=7"}],"curies":[{"name":"wp","href":"https:\/\/api.w.org\/{rel}","templated":true}]}}