{"id":57,"date":"2018-11-13T16:33:37","date_gmt":"2018-11-13T16:33:37","guid":{"rendered":"https:\/\/www.sylvia-smehyl.de\/?page_id=57"},"modified":"2018-11-16T15:06:40","modified_gmt":"2018-11-16T15:06:40","slug":"mediation","status":"publish","type":"page","link":"https:\/\/www.sylvia-smehyl.de\/?page_id=57","title":{"rendered":"Mediation"},"content":{"rendered":"<p>[et_pb_section bb_built=\"1\" _builder_version=\"3.0.47\"][et_pb_row custom_padding=\"75px|100px|75px|100px\" custom_padding_tablet=\"50px|50px|50px|50px\" custom_padding_phone=\"25px|25px|25px|25px\" custom_padding_last_edited=\"on|phone\" _builder_version=\"3.17.6\" background_size=\"initial\" background_position=\"top_left\" background_repeat=\"repeat\" box_shadow_style=\"preset1\"][et_pb_column type=\"4_4\"][et_pb_text _builder_version=\"3.17.6\" max_width_tablet=\"90%\" max_width_phone=\"100%\" max_width_last_edited=\"on|phone\"]<\/p>\n<h1>Mediation<\/h1>\n<p>Neben der rechtlichen Beratung und Vertretung biete ich in <a href=\"https:\/\/www.sylvia-smehyl.de\/\/index.php\/familien-und-erbrecht\/\">familien- und erbrechtlichen<\/a> Angelegenheiten die Mediation an. Mediation ist ein strukturiertes Verfahren zur Konfliktl\u00f6sung mit dem Ziel einer einvernehmlichen L\u00f6sung. Dabei unterst\u00fctze ich als Mediatorin die Beteiligten darin, Wege aus ihrem Konflikt zu finden und eigenverantwortlich eine L\u00f6sung f\u00fcr die Zukunft zu entwickeln. Hierbei fungiere ich als neutraler Vermittler, d.h. ohne f\u00fcr eine der beiden Seiten Partei zu ergreifen.\u00a0<\/p>\n<p><strong>Vorteile:<\/strong><\/p>\n<ul>\n<li>Die Mediation bietet eine gute Alternative zu einem Rechtsstreit, denn sie ist in der Regel kosteng\u00fcnstiger und vor allem nicht so belastend.<\/li>\n<li>Bei der Mediation bestimmen die Beteiligten die L\u00f6sung, nicht das Gericht.<\/li>\n<li>Durch die Mediation erarbeiten diese gemeinsam (z.B. mit dem Ehepartner) eine f\u00fcr beide passende L\u00f6sung.<\/li>\n<li>Auch bietet Mediation die M\u00f6glichkeit, die Interessen der Beteiligten zu kl\u00e4ren. Das bedeutet, dass im Rahmen der Mediation er\u00f6rtert wird, welche Gr\u00fcnde und Interessen sich hinter einem bestimmten Verhalten verbergen.<\/li>\n<li>Wenn Konflikte mit Hilfe der Mediation gel\u00f6st werden, k\u00f6nnen sich die Beteiligten auch nach der Trennung noch in die Augen sehen. Sinnvoll ist dies insbesondere, wenn gemeinsame Kinder vorhanden sind, da die Eltern durch den Kontakt mit den Kindern verbunden bleiben.<\/li>\n<li>Am Ende der Mediation kann eine rechtlich verbindliche Vereinbarung formuliert und ggf. auch notariell beurkundet werden.<\/li>\n<li>Mein Wissen als spezialisiert arbeitende Anw\u00e4ltin bzw. als Fachanw\u00e4ltin f\u00fcr Familienrecht kann ich f\u00fcr Sie dabei einsetzen, um Ihre L\u00f6sungen so umzusetzen, dass Ihre Vereinbarungen rechtlich haltbar und auch gerichtlich umsetzbar sind.<\/li>\n<\/ul>\n<p>Ehegatten- und Kindesunterhalt, der Umgang mit den gemeinsamen Kindern k\u00f6nnen ebenso wie Zugewinn oder die Auseinandersetzung der gemeinsamen Immobilie sowie des \u00fcbrigens Verm\u00f6gens Gegenstand einer Mediation sein.<\/p>\n<p>Auch bei erbrechtlichen Streitigkeiten sind menschliche Emotionen und Entt\u00e4uschungen nicht selten Grund f\u00fcr rechtliche Auseinandersetzungen.<\/p>\n<p>Ist eine direkte Kommunikation untereinander nicht mehr m\u00f6glich, kann ein Mediator dabei helfen, eine Erbschaftsangelegenheit abzuwickeln, ohne dass es wegen der Auslegung eines Testamentes, dessen Anfechtung oder der Berechnung von Pflichtteilsanspr\u00fcchen zu gerichtlichen Auseinandersetzungen kommt.<\/p>\n<p>Mediation ist keine Rechtsberatung, so dass den Konfliktpartnern geraten wird, sich jeweils zus\u00e4tzlich bei einem Rechtsanwalt zu informieren. Gerade bei rechtlich komplexen und h\u00e4ufig strittigen Themen wie Unterhalt und Zugewinnausgleich ist die rechtliche Beratung bzw. Berechnung durch Rechtsanw\u00e4lte dringend erforderlich.<\/p>\n<p>Gerne k\u00f6nnen wir im Rahmen einer unverbindlichen Erstberatung kl\u00e4ren, ob eine Mediation in Ihrem Fall eine sinnvolle M\u00f6glichkeit zur Konfliktvermeidung w\u00e4re.<\/p>\n<p>[\/et_pb_text][\/et_pb_column][\/et_pb_row][\/et_pb_section]<\/p>\n","protected":false},"excerpt":{"rendered":"<p>[et_pb_section bb_built=\"1\" _builder_version=\"3.0.47\"][et_pb_row custom_padding=\"75px|100px|75px|100px\" custom_padding_tablet=\"50px|50px|50px|50px\" custom_padding_phone=\"25px|25px|25px|25px\" custom_padding_last_edited=\"on|phone\" _builder_version=\"3.17.6\" background_size=\"initial\" background_position=\"top_left\" background_repeat=\"repeat\" box_shadow_style=\"preset1\"][et_pb_column type=\"4_4\"][et_pb_text _builder_version=\"3.17.6\" max_width_tablet=\"90%\" max_width_phone=\"100%\" max_width_last_edited=\"on|phone\"] Mediation Neben der rechtlichen Beratung und Vertretung biete ich in familien- und erbrechtlichen Angelegenheiten die Mediation an. Mediation ist ein strukturiertes Verfahren zur Konfliktl\u00f6sung mit dem Ziel einer einvernehmlichen L\u00f6sung. Dabei unterst\u00fctze ich als Mediatorin die Beteiligten darin, [&hellip;]<\/p>\n","protected":false},"author":1,"featured_media":0,"parent":0,"menu_order":0,"comment_status":"closed","ping_status":"closed","template":"","meta":{"footnotes":""},"class_list":["post-57","page","type-page","status-publish","hentry"],"_links":{"self":[{"href":"https:\/\/www.sylvia-smehyl.de\/index.php?rest_route=\/wp\/v2\/pages\/57","targetHints":{"allow":["GET"]}}],"collection":[{"href":"https:\/\/www.sylvia-smehyl.de\/index.php?rest_route=\/wp\/v2\/pages"}],"about":[{"href":"https:\/\/www.sylvia-smehyl.de\/index.php?rest_route=\/wp\/v2\/types\/page"}],"author":[{"embeddable":true,"href":"https:\/\/www.sylvia-smehyl.de\/index.php?rest_route=\/wp\/v2\/users\/1"}],"replies":[{"embeddable":true,"href":"https:\/\/www.sylvia-smehyl.de\/index.php?rest_route=%2Fwp%2Fv2%2Fcomments&post=57"}],"version-history":[{"count":6,"href":"https:\/\/www.sylvia-smehyl.de\/index.php?rest_route=\/wp\/v2\/pages\/57\/revisions"}],"predecessor-version":[{"id":369,"href":"https:\/\/www.sylvia-smehyl.de\/index.php?rest_route=\/wp\/v2\/pages\/57\/revisions\/369"}],"wp:attachment":[{"href":"https:\/\/www.sylvia-smehyl.de\/index.php?rest_route=%2Fwp%2Fv2%2Fmedia&parent=57"}],"curies":[{"name":"wp","href":"https:\/\/api.w.org\/{rel}","templated":true}]}}