{"id":31,"date":"2018-11-13T16:11:48","date_gmt":"2018-11-13T16:11:48","guid":{"rendered":"https:\/\/www.sylvia-smehyl.de\/?page_id=31"},"modified":"2018-11-15T16:20:22","modified_gmt":"2018-11-15T16:20:22","slug":"anwaltskosten","status":"publish","type":"page","link":"https:\/\/www.sylvia-smehyl.de\/?page_id=31","title":{"rendered":"Anwaltskosten"},"content":{"rendered":"<p>[et_pb_section fb_built=\"1\" admin_label=\"section\" _builder_version=\"3.0.47\"][et_pb_row admin_label=\"row\" _builder_version=\"3.17.6\" background_size=\"initial\" background_position=\"top_left\" background_repeat=\"repeat\" hover_enabled=\"0\" box_shadow_style=\"preset1\" custom_padding=\"75px|100px|75px|100px\" custom_padding_last_edited=\"on|phone\" custom_padding_tablet=\"50px|50px|50px|50px\" custom_padding_phone=\"25px|25px|25px|25px\"][et_pb_column type=\"4_4\" _builder_version=\"3.0.47\" parallax=\"off\" parallax_method=\"on\"][et_pb_text _builder_version=\"3.17.6\" max_width_tablet=\"90%\" max_width_phone=\"100%\" max_width_last_edited=\"on|phone\"]<\/p>\n<h1>Kosten anwaltlicher T\u00e4tigkeit<\/h1>\n<div class=\"fliesstext\">\n<p>Vor Beginn jeder anwaltlichen T\u00e4tigkeit werden Sie \u00fcber die zu erwartenden Kosten informiert. Bitte z\u00f6gern Sie daher nicht, gleich danach zu fragen.<\/p>\n<p>Die <b>T\u00e4tigkeit<\/b> eines Rechtsanwalts wird in der Regel nach dem&nbsp;<b>Rechtsanwaltsverg\u00fctungsgesetz<\/b> (RVG) abgerechnet. Danach richtet sich die Bemessung der Geb\u00fchren nach dem Gegenstand oder Verfahrenswert der einzelnen T\u00e4tigkeiten des Rechtsanwalts. In gerichtlichen Verfahren wird dieser Gegenstands- oder Verfahrenswert durch das Gericht festgesetzt.<\/p>\n<p>Wenn mit dem Mandanten keine andere Form der Honorierung, bspw. die Abrechnung nach Stundenaufwand, vereinbart wird, gilt das Rechtsanwaltsverg\u00fctungsgesetz <b>automatisch<\/b>. Die Verg\u00fctung f\u00fcr anwaltliche <b>Beratungen oder Gutachten<\/b> richtet sich <b>nicht<\/b> nach einem Gegenstands- oder Verfahrenswert. Vielmehr ist es f\u00fcr diese Angelegenheiten gesetzlich vorgesehen, dass der Anwalt mit seinem Mandanten eine Verg\u00fctungsvereinbarung schlie\u00dft. Es wird Ihnen insoweit eine <b>Verg\u00fctungsvereinbarung<\/b> vorgeschlagen, z.B. nach Stundenhonorar, die jeweils gesondert mit Ihnen verhandelt und schriftlich niedergelegt wird. <\/p>\n<p>Bitte beachten Sie, dass grunds\u00e4tzlich \u2013 ob nun nach einer Verg\u00fctungsvereinbarung oder dem RVG abgerechnet wird \u2013 ein angemessener Kostenvorschuss in Rechnung gestellt wird. F\u00fcr die Erstberatung wird Ihnen eine <b>Erstberatungsgeb\u00fchr<\/b> angeboten.<\/p>\n<p>Bitte beachten Sie, dass Ihre <b>Rechtsschutzversicherung<\/b> Ihnen nicht jede Inanspruchnahme anwaltlicher Leistung erstattet. Insbesondere gilt das f\u00fcr das Familien- und Erbrecht, wo allerdings h\u00e4ufig die Erstberatungsgeb\u00fchr \u00fcbernommen wird. Es ist Ihnen daher zu empfehlen, vorab bei Ihrer Rechtsschutzversicherung nachzufragen, ob diese die Kosten der von Ihnen gew\u00fcnschten Anwaltst\u00e4tigkeit \u00fcbernimmt.<\/p>\n<p>F\u00fcr ein gerichtliches Verfahren kann bei unzureichenden Einkommens- und Verm\u00f6gensverh\u00e4ltnissen <b>Prozesskostenhilfe<\/b> (PKH) \u2013 in familienrechtlichen Angelegenheiten <b>Verfahrenskostenhilfe<\/b> (VKH) \u2013 bewilligt werden.<\/p>\n<p>Das Gericht kann PKH\/VKH mit oder ohne Ratenzahlungen bewilligen. In beiden F\u00e4llen \u00fcbernimmt der Staat die Gerichtskosten und die Kosten des f\u00fcr Sie beigeordneten Rechtsanwalts. Setzt das Gericht eine Ratenzahlung fest, m\u00fcssen Sie die festgesetzten Raten an die Staatskasse zahlen. Wird der Antrag auf PKH\/VKH abgewiesen, m\u00fcssen Sie die f\u00fcr die T\u00e4tigkeit in dem Prozesskostenhilfepr\u00fcfungsverfahren entstandenen Geb\u00fchren sowie die Gerichtskosten \u00fcbernehmen. Diese werden allerdings auf die Anwaltsgeb\u00fchren, die in dem Verfahren entstehen, f\u00fcr das PKH\/ VKH beantragt wurde, angerechnet.<\/p>\n<p>F\u00fcr die anwaltliche Beratung und Anwaltst\u00e4tigkeiten au\u00dferhalb eines Gerichtsverfahrens besteht bei unzureichenden Einkommens- und Verm\u00f6gensverh\u00e4ltnissen die M\u00f6glichkeit, <b>Beratungshilfe<\/b> zu erhalten. F\u00fcr diesen Fall legen Sie bitte <b>vor Beginn des ersten Gespr\u00e4chs<\/b> den <b>Berechtigungsschein f\u00fcr die Beratungshilfe<\/b> vor (erh\u00e4ltlich in der Rechtsantragsstelle des f\u00fcr Ihren Wohnsitz zust\u00e4ndigen Amtsgerichts). Bitte haben Sie Verst\u00e4ndnis, dass ohne Vorlage des Berechtigungsscheins keine Beratung durchgef\u00fchrt werden kann.<\/p>\n<p>Noch ein Wort zu der immer wieder angebotenen \u201ekosteng\u00fcnstigen\u201c Online-Scheidung: <\/p>\n<p>Alle in Deutschland zugelassenen Rechtsanw\u00e4lte sind an das geltende Geb\u00fchren- und Kostenrecht gebunden. Sie d\u00fcrfen f\u00fcr ein gerichtliches Verfahren nicht weniger verlangen, als das Geb\u00fchrenrecht (RVG) vorsieht, und mehr nur dann, wenn eine schriftliche Verg\u00fctungsvereinbarung abgeschlossen wurde.<\/p>\n<p>F\u00fcr eine sog. Online-Scheidung d\u00fcrfen die Rechtsanw\u00e4lte also keinen Cent weniger abrechnen, als wenn jemand in die Anwaltskanzlei kommt und das Scheidungsmandat klassisch bearbeitet wird. Eine Kostenersparnis findet hier also nicht statt.<\/p>\n<\/div>\n<p>[\/et_pb_text][\/et_pb_column][\/et_pb_row][\/et_pb_section]<\/p>\n","protected":false},"excerpt":{"rendered":"<p>[et_pb_section fb_built=\"1\" admin_label=\"section\" _builder_version=\"3.0.47\"][et_pb_row admin_label=\"row\" _builder_version=\"3.17.6\" background_size=\"initial\" background_position=\"top_left\" background_repeat=\"repeat\" hover_enabled=\"0\" box_shadow_style=\"preset1\" custom_padding=\"75px|100px|75px|100px\" custom_padding_last_edited=\"on|phone\" custom_padding_tablet=\"50px|50px|50px|50px\" custom_padding_phone=\"25px|25px|25px|25px\"][et_pb_column type=\"4_4\" _builder_version=\"3.0.47\" parallax=\"off\" parallax_method=\"on\"][et_pb_text _builder_version=\"3.17.6\" max_width_tablet=\"90%\" max_width_phone=\"100%\" max_width_last_edited=\"on|phone\"] Kosten anwaltlicher T\u00e4tigkeit Vor Beginn jeder anwaltlichen T\u00e4tigkeit werden Sie \u00fcber die zu erwartenden Kosten informiert. Bitte z\u00f6gern Sie daher nicht, gleich danach zu fragen. Die T\u00e4tigkeit eines Rechtsanwalts wird in der [&hellip;]<\/p>\n","protected":false},"author":1,"featured_media":0,"parent":0,"menu_order":0,"comment_status":"closed","ping_status":"closed","template":"","meta":{"footnotes":""},"class_list":["post-31","page","type-page","status-publish","hentry"],"_links":{"self":[{"href":"https:\/\/www.sylvia-smehyl.de\/index.php?rest_route=\/wp\/v2\/pages\/31","targetHints":{"allow":["GET"]}}],"collection":[{"href":"https:\/\/www.sylvia-smehyl.de\/index.php?rest_route=\/wp\/v2\/pages"}],"about":[{"href":"https:\/\/www.sylvia-smehyl.de\/index.php?rest_route=\/wp\/v2\/types\/page"}],"author":[{"embeddable":true,"href":"https:\/\/www.sylvia-smehyl.de\/index.php?rest_route=\/wp\/v2\/users\/1"}],"replies":[{"embeddable":true,"href":"https:\/\/www.sylvia-smehyl.de\/index.php?rest_route=%2Fwp%2Fv2%2Fcomments&post=31"}],"version-history":[{"count":6,"href":"https:\/\/www.sylvia-smehyl.de\/index.php?rest_route=\/wp\/v2\/pages\/31\/revisions"}],"predecessor-version":[{"id":298,"href":"https:\/\/www.sylvia-smehyl.de\/index.php?rest_route=\/wp\/v2\/pages\/31\/revisions\/298"}],"wp:attachment":[{"href":"https:\/\/www.sylvia-smehyl.de\/index.php?rest_route=%2Fwp%2Fv2%2Fmedia&parent=31"}],"curies":[{"name":"wp","href":"https:\/\/api.w.org\/{rel}","templated":true}]}}