{"id":214,"date":"2018-11-15T14:35:24","date_gmt":"2018-11-15T14:35:24","guid":{"rendered":"https:\/\/www.sylvia-smehyl.de\/?page_id=214"},"modified":"2018-11-16T15:08:11","modified_gmt":"2018-11-16T15:08:11","slug":"erbrecht","status":"publish","type":"page","link":"https:\/\/www.sylvia-smehyl.de\/?page_id=214","title":{"rendered":"Erbrecht"},"content":{"rendered":"<p>[et_pb_section fb_built=\"1\" _builder_version=\"3.0.47\"][et_pb_row custom_padding=\"75px|100px|75px|100px\" custom_padding_tablet=\"50px|50px|50px|50px\" custom_padding_phone=\"25px|25px|25px|25px\" custom_padding_last_edited=\"on|phone\" _builder_version=\"3.17.6\" background_size=\"initial\" background_position=\"top_left\" background_repeat=\"repeat\" box_shadow_style=\"preset1\"][et_pb_column type=\"4_4\" _builder_version=\"3.0.47\" parallax=\"off\" parallax_method=\"on\"][et_pb_text _builder_version=\"3.17.6\" max_width_tablet=\"90%\" max_width_phone=\"100%\" max_width_last_edited=\"on|phone\"]<\/p>\n<h1 class=\"fliesstext\">Erbrecht<\/h1>\n<p class=\"fliesstext\">Es ist das h\u00f6chstpers\u00f6nliche Recht des Erblassers, selbst zu bestimmen, wer sein Erbe ist und was aus seinem Verm\u00f6gen werden soll. Eine gelungene Erbschaftsplanung sichert das Verm\u00f6gen f\u00fcr die nachfolgende Generation und vor dem Zugriff des Staates.<\/p>\n<p class=\"fliesstext\">Als Erblasser \u2013 sowie im Kontext familienrechtlich relevanter Ver\u00e4nderungen \u2013 berate ich Sie zu allen erbrechtlichen Fragen, insbesondere der <strong>Testamentsgestaltung<\/strong> (Einzeltestament oder Gemeinschaftliches Testament) und der <strong>Erstellung von Erbvertr\u00e4gen<\/strong> sowie zu Fragen der <strong>lebzeitigen Verm\u00f6gens\u00fcbertragung<\/strong> und der<strong> vorweggenommenen Erbfolge<\/strong>. Auch hier ist es vorrangiges Ziel, Testamente und Erbvertr\u00e4ge so zu gestalten, dass Konflikte m\u00f6glichst vermieden werden.<\/p>\n<p>Aber auch im Erbfall ist oft rechtzeitiger Rat erforderlich, z.B. wenn es um die Ausschlagung einer Erbschaft oder um Erbenhaftung geht. Hierbei sowie bei der Durchsetzung von <strong>Erb- und Pflichtteilsanspr\u00fcchen<\/strong> bis hin zur <strong>Auseinandersetzung von Erbengemeinschaften<\/strong> bin ich Ihnen mit meiner Erfahrung, meinem Engagement und Wissen behilflich.<\/p>\n<p>[\/et_pb_text][\/et_pb_column][\/et_pb_row][\/et_pb_section]<\/p>\n","protected":false},"excerpt":{"rendered":"<p>[et_pb_section fb_built=\"1\" _builder_version=\"3.0.47\"][et_pb_row custom_padding=\"75px|100px|75px|100px\" custom_padding_tablet=\"50px|50px|50px|50px\" custom_padding_phone=\"25px|25px|25px|25px\" custom_padding_last_edited=\"on|phone\" _builder_version=\"3.17.6\" background_size=\"initial\" background_position=\"top_left\" background_repeat=\"repeat\" box_shadow_style=\"preset1\"][et_pb_column type=\"4_4\" _builder_version=\"3.0.47\" parallax=\"off\" parallax_method=\"on\"][et_pb_text _builder_version=\"3.17.6\" max_width_tablet=\"90%\" max_width_phone=\"100%\" max_width_last_edited=\"on|phone\"] Erbrecht Es ist das h\u00f6chstpers\u00f6nliche Recht des Erblassers, selbst zu bestimmen, wer sein Erbe ist und was aus seinem Verm\u00f6gen werden soll. Eine gelungene Erbschaftsplanung sichert das Verm\u00f6gen f\u00fcr die nachfolgende Generation und vor dem [&hellip;]<\/p>\n","protected":false},"author":1,"featured_media":0,"parent":0,"menu_order":0,"comment_status":"closed","ping_status":"closed","template":"","meta":{"footnotes":""},"class_list":["post-214","page","type-page","status-publish","hentry"],"_links":{"self":[{"href":"https:\/\/www.sylvia-smehyl.de\/index.php?rest_route=\/wp\/v2\/pages\/214","targetHints":{"allow":["GET"]}}],"collection":[{"href":"https:\/\/www.sylvia-smehyl.de\/index.php?rest_route=\/wp\/v2\/pages"}],"about":[{"href":"https:\/\/www.sylvia-smehyl.de\/index.php?rest_route=\/wp\/v2\/types\/page"}],"author":[{"embeddable":true,"href":"https:\/\/www.sylvia-smehyl.de\/index.php?rest_route=\/wp\/v2\/users\/1"}],"replies":[{"embeddable":true,"href":"https:\/\/www.sylvia-smehyl.de\/index.php?rest_route=%2Fwp%2Fv2%2Fcomments&post=214"}],"version-history":[{"count":5,"href":"https:\/\/www.sylvia-smehyl.de\/index.php?rest_route=\/wp\/v2\/pages\/214\/revisions"}],"predecessor-version":[{"id":370,"href":"https:\/\/www.sylvia-smehyl.de\/index.php?rest_route=\/wp\/v2\/pages\/214\/revisions\/370"}],"wp:attachment":[{"href":"https:\/\/www.sylvia-smehyl.de\/index.php?rest_route=%2Fwp%2Fv2%2Fmedia&parent=214"}],"curies":[{"name":"wp","href":"https:\/\/api.w.org\/{rel}","templated":true}]}}