{"id":14,"date":"2018-11-13T15:44:02","date_gmt":"2018-11-13T15:44:02","guid":{"rendered":"https:\/\/www.sylvia-smehyl.de\/?page_id=14"},"modified":"2018-11-19T13:41:56","modified_gmt":"2018-11-19T13:41:56","slug":"impressum","status":"publish","type":"page","link":"https:\/\/www.sylvia-smehyl.de\/?page_id=14","title":{"rendered":"Impressum"},"content":{"rendered":"<p>[et_pb_section bb_built=\"1\" _builder_version=\"3.0.47\"][et_pb_row _builder_version=\"3.17.6\" background_size=\"initial\" background_position=\"top_left\" background_repeat=\"repeat\" hover_enabled=\"0\" box_shadow_style=\"preset1\" custom_padding=\"75px|100px|75px|100px\" custom_padding_last_edited=\"on|phone\" custom_padding_tablet=\"50px|50px|50px|50px\" custom_padding_phone=\"25px|25px|25px|25px\"][et_pb_column type=\"4_4\"][et_pb_text _builder_version=\"3.17.6\"]<\/p>\n<h1>Impressum<\/h1>\n<p><b>Verantwortlich im Sinne des TDG\/MDStV:<\/b><\/p>\n<p>Sylvia Smehyl<\/p>\n<p>Breitwies 11<br \/>86465 Welden<\/p>\n<p>Trotz sorgf\u00e4ltiger inhaltlicher Kontrolle kann keine Haftung f\u00fcr die Inhalte externer Links \u00fcbernommen werden.<\/p>\n<p><b>Steuernummer gem. \u00a7 14 UStG:<\/b>\u00a0161\/274\/91422<\/p>\n<h2>Weitere Angaben gem. der allgemeinen Informationspflichten<\/h2>\n<p><b>Berufsbezeichnung:<\/b>\u00a0Rechtsanw\u00e4ltin, Deutschland<\/p>\n<p><b>Die Rechtsanw\u00e4ltin ist in der Bundesrepublik Deutschland zugelassen und Mitglied der<\/b><br \/><a href=\"http:\/\/www.rak-muenchen.de\/\" target=\"_blank\" rel=\"noopener\">Rechtsanwaltskammer f\u00fcr den Oberlandesgerichtsbezirk M\u00fcnchen<\/a><br \/>Tal 33, 80331 M\u00fcnchen<\/p>\n<p><b>Weitere Mitgliedschaften:<\/b><br \/>- Deutscher Anwaltsverein<br \/>- M\u00fcnchener Anwaltsverein<br \/>- Arbeitsgemeinschaft Familienrecht im Deutschen Anwaltsverein<br \/>- Deutsche Vereinigung f\u00fcr Erbrecht und Verm\u00f6gensnachfolge DVEV<\/p>\n<p><b>F\u00fcr diese Kanzlei gelten folgende Geb\u00fchren- und Berufsordnungen:<\/b><\/p>\n<p>- Bundesrechtsanwaltsordnung (BRAO)<br \/>- Fachanwaltsordnung (FAO)<br \/>- Berufsordnung f\u00fcr Rechtsanw\u00e4lte (BORA)<br \/>- Bundesrechtsanwaltsgeb\u00fchrenordung (BRAGO)<br \/>- Rechtsanwaltsverg\u00fctungsgesetz (RVG)<br \/>- Berufsregeln der Rechtsanw\u00e4lte der Europ\u00e4ischen Gemeinschaft (CCBE)<br \/>- Gesetz \u00fcber die T\u00e4tigkeit europ\u00e4ischer Rechtsanw\u00e4lte in Deutschland (EuRAG)<\/p>\n<p><b>Diese und weitere Berufsregelungen k\u00f6nnen auf der Website der Bundesrechtsanwaltskammer<\/b><br \/><a href=\"http:\/\/www.brak.de\/\" target=\"_blank\" rel=\"noopener\">www.brak.de<\/a>\u00a0eingesehen werden.<\/p>\n<p><b>Berufshaftpflichtversicherung:<\/b><br \/>Allianz Versicherungs-AG<br \/>10900 Berlin<\/p>\n<p><b>Schlichtungsstelle:<\/b><br \/>F\u00fcr den Fall einer Streitigkeit zwischen Mandant und Anwalt hat die Rechtanwaltskammer f\u00fcr den OLG-Bezirk M\u00fcnchen eine Schlichtungsstelle eingerichtet.<\/p>\n<h2>Haftungsausschluss<\/h2>\n<p>Die auf dieser Website enthaltenen Angaben stellen keine Rechtsberatung dar. Trotz sorgf\u00e4ltiger inhaltlicher Kontrolle wird keine Gew\u00e4hr f\u00fcr die Richtigkeit oder Vollst\u00e4ndigkeit der Angaben \u00fcbernommen. Eine Haftung durch Nutzung der Angaben auf dieser Website wird ausgeschlossen.<\/p>\n<h2>Datenschutz<\/h2>\n<p><a href=\"https:\/\/www.sylvia-smehyl.de\/\/index.php\/datenschutzerklaerung\/\">Zur Datenschutzerkl\u00e4rung<\/a><\/p>\n<h2>Urheberrecht<\/h2>\n<p>Strukturen, Inhalte und Grafiken aller Seiten der Betreiber sind nach \u00a7 75 UrhG urheberrechtlich gesch\u00fctzt und d\u00fcrfen ohne ausdr\u00fcckliche Genehmigung weder kopiert noch in abge\u00e4nderter Form wiedergegeben oder weiterverwendet werden.<\/p>\n<p>[\/et_pb_text][\/et_pb_column][\/et_pb_row][\/et_pb_section]<\/p>\n","protected":false},"excerpt":{"rendered":"<p>[et_pb_section bb_built=\"1\" _builder_version=\"3.0.47\"][et_pb_row _builder_version=\"3.17.6\" background_size=\"initial\" background_position=\"top_left\" background_repeat=\"repeat\" hover_enabled=\"0\" box_shadow_style=\"preset1\" custom_padding=\"75px|100px|75px|100px\" custom_padding_last_edited=\"on|phone\" custom_padding_tablet=\"50px|50px|50px|50px\" custom_padding_phone=\"25px|25px|25px|25px\"][et_pb_column type=\"4_4\"][et_pb_text _builder_version=\"3.17.6\"] Impressum Verantwortlich im Sinne des TDG\/MDStV: Sylvia Smehyl Breitwies 1186465 Welden Trotz sorgf\u00e4ltiger inhaltlicher Kontrolle kann keine Haftung f\u00fcr die Inhalte externer Links \u00fcbernommen werden. Steuernummer gem. \u00a7 14 UStG:\u00a0161\/274\/91422 Weitere Angaben gem. der allgemeinen Informationspflichten Berufsbezeichnung:\u00a0Rechtsanw\u00e4ltin, Deutschland Die Rechtsanw\u00e4ltin [&hellip;]<\/p>\n","protected":false},"author":1,"featured_media":0,"parent":0,"menu_order":0,"comment_status":"closed","ping_status":"closed","template":"","meta":{"footnotes":""},"class_list":["post-14","page","type-page","status-publish","hentry"],"_links":{"self":[{"href":"https:\/\/www.sylvia-smehyl.de\/index.php?rest_route=\/wp\/v2\/pages\/14","targetHints":{"allow":["GET"]}}],"collection":[{"href":"https:\/\/www.sylvia-smehyl.de\/index.php?rest_route=\/wp\/v2\/pages"}],"about":[{"href":"https:\/\/www.sylvia-smehyl.de\/index.php?rest_route=\/wp\/v2\/types\/page"}],"author":[{"embeddable":true,"href":"https:\/\/www.sylvia-smehyl.de\/index.php?rest_route=\/wp\/v2\/users\/1"}],"replies":[{"embeddable":true,"href":"https:\/\/www.sylvia-smehyl.de\/index.php?rest_route=%2Fwp%2Fv2%2Fcomments&post=14"}],"version-history":[{"count":2,"href":"https:\/\/www.sylvia-smehyl.de\/index.php?rest_route=\/wp\/v2\/pages\/14\/revisions"}],"predecessor-version":[{"id":506,"href":"https:\/\/www.sylvia-smehyl.de\/index.php?rest_route=\/wp\/v2\/pages\/14\/revisions\/506"}],"wp:attachment":[{"href":"https:\/\/www.sylvia-smehyl.de\/index.php?rest_route=%2Fwp%2Fv2%2Fmedia&parent=14"}],"curies":[{"name":"wp","href":"https:\/\/api.w.org\/{rel}","templated":true}]}}